{"id":11580,"date":"2019-05-31T21:07:10","date_gmt":"2019-05-31T19:07:10","guid":{"rendered":"http:\/\/www.gilavandelden.de\/buchshop\/?page_id=11580"},"modified":"2023-11-19T13:18:44","modified_gmt":"2023-11-19T12:18:44","slug":"startseite","status":"publish","type":"page","link":"http:\/\/www.gilavandelden.de\/buchshop\/","title":{"rendered":"Gilas Shop"},"content":{"rendered":"<div style=\"text-align: center;\">\n<h4><strong><span style=\"color: #800000;\">MOBILER Hamoni\u00ae Harmonisierer &#8211;<br \/>\nHochwirksamer Schutz vor Elektrosmog, Erdstrahlung und Stressbelastung<\/span><\/strong><\/h4>\n<h3><strong>&#8211; insbesondere 5 G &#8211;<\/strong><\/h3>\n<h4><strong><span style=\"color: #800000;\">Der optimale Strahlenschutz f\u00fcr unterwegs und f\u00fcr unser Zuhause!<\/span><\/strong><\/h4>\n<h4><strong>&#8211; (nur so gro\u00df wie eine Streichholzschachtel\u00a0 6 cm x 3 cm x 2 cm) &#8211;<\/strong><\/h4>\n<\/div>\n<p style=\"text-align: center;\"><img loading=\"lazy\" class=\"alignnone size-medium wp-image-11782\" src=\"http:\/\/www.gilavandelden.de\/buchshop\/wp-content\/uploads\/2019\/11\/hamoni_broschuere_mobil_07_11_2019-1-212x300.jpg\" alt=\"\" width=\"212\" height=\"300\" srcset=\"http:\/\/www.gilavandelden.de\/buchshop\/wp-content\/uploads\/2019\/11\/hamoni_broschuere_mobil_07_11_2019-1-212x300.jpg 212w, http:\/\/www.gilavandelden.de\/buchshop\/wp-content\/uploads\/2019\/11\/hamoni_broschuere_mobil_07_11_2019-1-216x306.jpg 216w, http:\/\/www.gilavandelden.de\/buchshop\/wp-content\/uploads\/2019\/11\/hamoni_broschuere_mobil_07_11_2019-1.jpg 450w\" sizes=\"(max-width: 212px) 100vw, 212px\" \/><\/p>\n<h5 style=\"text-align: center;\"><strong><a href=\"http:\/\/www.gilavandelden.de\/buchshop\/wp-content\/uploads\/2019\/11\/hamoni_broschuere_mobil_01_2020.pdf\">MOBILER Harmonisierer Brosch\u00fcre 2020<\/a><\/strong><\/h5>\n<h5 style=\"text-align: center;\"><strong>und als Zugabe gibt es wieder dieses Hardcover-Buch von Gila van Delden (28,90 \u20ac)<\/strong><\/h5>\n<div style=\"text-align: center;\">\n<p><img loading=\"lazy\" class=\"alignnone size-medium wp-image-11780\" src=\"http:\/\/www.gilavandelden.de\/buchshop\/wp-content\/uploads\/2019\/11\/Liebe-ist-die-gr\u00f6\u00dfte-Kraft-gedreht-Small-254x300.jpg\" alt=\"\" width=\"254\" height=\"300\" srcset=\"http:\/\/www.gilavandelden.de\/buchshop\/wp-content\/uploads\/2019\/11\/Liebe-ist-die-gr\u00f6\u00dfte-Kraft-gedreht-Small-254x300.jpg 254w, http:\/\/www.gilavandelden.de\/buchshop\/wp-content\/uploads\/2019\/11\/Liebe-ist-die-gr\u00f6\u00dfte-Kraft-gedreht-Small-216x255.jpg 216w, http:\/\/www.gilavandelden.de\/buchshop\/wp-content\/uploads\/2019\/11\/Liebe-ist-die-gr\u00f6\u00dfte-Kraft-gedreht-Small.jpg 480w\" sizes=\"(max-width: 254px) 100vw, 254px\" \/><\/p>\n<p><strong><a href=\"http:\/\/www.gilavandelden.de\/buchshop\/produkt\/hamoni-harmonisierer-mobil-hochwirksamer-schutz-vor-elektrosmog-erdstrahlung-und-stressbelastung-fuer-unterwegs\/\">Jetzt neu: Hamoni\u00ae Harmonisierer Mobil, optimal f\u00fcr unterwegs<\/a><\/strong><\/p>\n<h3><span style=\"color: #800000;\"><strong><a href=\"http:\/\/www.gilavandelden.de\/buchshop\/produkt\/hamoni-harmonisierer-hochwirksamer-schutz-vor-elektrosmog-erdstrahlung-und-stressbelastung\/\">Lange bew\u00e4hrt: Der Hamoni\u00ae Harmonisierer f\u00fcr zuhause<\/a><\/strong><\/span><\/h3>\n<\/div>\n","protected":false},"excerpt":{"rendered":"<p>MOBILER Hamoni\u00ae Harmonisierer &#8211; Hochwirksamer Schutz vor Elektrosmog, Erdstrahlung und Stressbelastung &#8211; insbesondere 5 G &#8211; Der optimale Strahlenschutz f\u00fcr unterwegs und f\u00fcr unser Zuhause! &#8211; (nur so gro\u00df wie eine Streichholzschachtel\u00a0 6 cm x 3 cm x 2 cm) &#8211; MOBILER Harmonisierer Brosch\u00fcre 2020 und als Zugabe gibt es wieder dieses Hardcover-Buch von Gila [&hellip;]<\/p>\n","protected":false},"author":4,"featured_media":0,"parent":0,"menu_order":0,"comment_status":"closed","ping_status":"closed","template":"","meta":[],"_links":{"self":[{"href":"http:\/\/www.gilavandelden.de\/buchshop\/wp-json\/wp\/v2\/pages\/11580"}],"collection":[{"href":"http:\/\/www.gilavandelden.de\/buchshop\/wp-json\/wp\/v2\/pages"}],"about":[{"href":"http:\/\/www.gilavandelden.de\/buchshop\/wp-json\/wp\/v2\/types\/page"}],"author":[{"embeddable":true,"href":"http:\/\/www.gilavandelden.de\/buchshop\/wp-json\/wp\/v2\/users\/4"}],"replies":[{"embeddable":true,"href":"http:\/\/www.gilavandelden.de\/buchshop\/wp-json\/wp\/v2\/comments?post=11580"}],"version-history":[{"count":23,"href":"http:\/\/www.gilavandelden.de\/buchshop\/wp-json\/wp\/v2\/pages\/11580\/revisions"}],"predecessor-version":[{"id":12685,"href":"http:\/\/www.gilavandelden.de\/buchshop\/wp-json\/wp\/v2\/pages\/11580\/revisions\/12685"}],"wp:attachment":[{"href":"http:\/\/www.gilavandelden.de\/buchshop\/wp-json\/wp\/v2\/media?parent=11580"}],"curies":[{"name":"wp","href":"https:\/\/api.w.org\/{rel}","templated":true}]}}