{"id":11067,"date":"2017-08-09T22:55:14","date_gmt":"2017-08-09T20:55:14","guid":{"rendered":"http:\/\/www.gilavandelden.de\/buchshop\/agb\/"},"modified":"2019-01-01T15:07:55","modified_gmt":"2019-01-01T14:07:55","slug":"agb","status":"publish","type":"page","link":"https:\/\/www.gilavandelden.de\/buchshop\/agb\/","title":{"rendered":"AGB"},"content":{"rendered":"<div class=\"woocommerce woocommerce-gzd woocommerce-gzd-complaints-shortcode\">\n<h3>&nbsp;<strong>Allgemeine Gesch\u00e4fts- und Lieferbedingungen<\/strong><\/h3>\n<ol>\n<li>Mit der Erteilung eines Auftrages erkl\u00e4rt sich der Kunde mit unseren Lieferungs- und Zahlungsbedingungen einverstanden.&nbsp;<br \/>\n&nbsp;Anderslautende Bedingungen des K\u00e4ufers werden von uns nicht anerkannt, auch wenn wir nicht ausdr\u00fccklich widersprechen.<\/li>\n<li>Unsere Angebote erfolgen stets freibleibend. Die Preise verstehen sich in EURO, sofern nichts anderes vereinbart wurde.&nbsp;Ferner gelten die Preise ab Werk, sofern dem Kaufabschluss nicht andere Bedingungen, wie FOB- oder ClF-Lieferung oder Lieferung franko deutsche Grenze zugrunde liegen.<\/li>\n<li>Alle Lieferungen erfolgen auf Rechnung und Gefahr des K\u00e4ufers und werden nur auf dessen ausdr\u00fccklichen Wunsch und auf dessen Kosten versichert. Soweit keine andere Versandart vereinbart wurde, erfolgt der Versand nach unserem Ermessen.<\/li>\n<li>Die Lieferungen erfolgen schnellstens nach Auftragseingang. Die vor uns m\u00f6glichst einzuhaltenden Lieferfristen sind jedoch unverbindlich. Ein R\u00fccktritt des K\u00e4ufers ist nur nach Setzung einer angemessenen Nachfrist m\u00f6glich. Teillieferungen bleiben vorbehalten. Schadensersatzanspr\u00fcche wegen \u00dcberschreitung der Lieferfrist sind ausgeschlossen. Ereignisse h\u00f6herer Gewalt, sowie Umst\u00e4nde, die nicht auf unser Verschulden zur\u00fcckzuf\u00fchren sind, berechtigen uns, vom Vertrag zur\u00fcckzutreten oder die Lieferung hinauszuschieben.<\/li>\n<li>Die Lieferung der Waren erfolgt normalerweise gegen Rechnung, soweit nichts anderes ausdr\u00fccklich und schriftlich vereinbart wurde.<\/li>\n<li>Dem Besteller steht ein zweiw\u00f6chiges Widerrufsrecht gem. \u00a73 FernAbsG zu. Die Frist beginnt mit dem Eingang der bestellten Ware beim K\u00e4ufer. Im <strong>Falle des Widerrufs <\/strong>hat der K\u00e4ufer die Kosten f\u00fcr die R\u00fccksendung zu tragen, sofern der Warenwert den Betrag vor 40 Euro nicht \u00fcbersteigt.<\/li>\n<li>Ausgenommen von diesem R\u00fcckgaberecht sind Waren, die nach Kundenspezifikation angefertigt wurden oder eindeutig auf die pers\u00f6nlichen Bed\u00fcrfnisse zugeschnitten sind. Hat der K\u00e4ufer die Verschlechterung, den Untergang oder die anderweitige Unm\u00f6glichkeit der R\u00fccksendung der Ware zu vertreten, so hat er dem Verk\u00e4ufer die Wertminderung oder den Wert der Ware zu ersetzen.<\/li>\n<li>Eine Haftung f\u00fcr Eigenschaftszusicherung wird nur dann \u00fcbernommen, wenn wir dies ausdr\u00fccklich und schriftlich best\u00e4tigen. Beanstandungen wegen mangelhafter, unvollst\u00e4ndiger oder falscher Lieferung sind sp\u00e4testens zwei Wochen nach Empfang der Ware, auf jeden Fall aber vor Einbau oder Weiterver\u00e4u\u00dferung schriftlich vorzubringen. Alle von uns zu vertretenden M\u00e4ngel werden von uns kostenfrei beseitigt. Auch sind wir nach unserem Ermessen berechtigt, eine Ersatzlieferung oder Gutschrift des Minderwertes vorzunehmen. Beanstandungen verj\u00e4hren sp\u00e4testens nach sechs Monaten nach einer begr\u00fcndeten Zur\u00fcckweisung durch uns. Die R\u00fccksendung etwa beanstandeter Waren darf nur nach unserer vorherigen schriftlicher Einwilligung erfolgen. Jeglicher Anspruch erlischt, wenn von anderer Seite ohne vorherige schriftliche Zustimmung Ver\u00e4nderungen an unseren Waren vorgenommen oder diese unsachgem\u00e4\u00df behandelt wurden. Dies gilt auch bei nat\u00fcrlichem Verschlei\u00df.<\/li>\n<li>F\u00fcr alle abgeschlossenen Vertr\u00e4gen gilt grunds\u00e4tzlich deutsches Recht: Gerichtsstand ist f\u00fcr beide Seiten das Amtsgericht Halle\/Westf.<\/li>\n<\/ol>\n<p>Jede \u00c4nderung unserer Lieferungs- und Zahlungsbedingungen bedarf zu ihrer G\u00fcltigkeit&nbsp;unserer schriftlichen Best\u00e4tigung.&nbsp;&nbsp;Werden&nbsp; unsere Lieferungs- und&nbsp;Zahlungsbedingungen durch schriftliche Vereinbarungen teilweise abge\u00e4ndert, so bleiben unsere \u00fcbriger Bedingungen weiterhin bestehen.<\/p>\n<p>Alle Daten wurden sorgf\u00e4ltig erarbeitet. Bei Preisangaben und Abbildungen sind Druckfehler vorbehalten<\/p>\n<p><em>Alle Angaben ohne Gew\u00e4hr<\/em><\/p>\n<h3>Alternative Streitbeilegung gem\u00e4\u00df Art. 14 Abs. 1 ODR-VO und \u00a7 36 VSBG:<\/h3>\n<p>Die Europ\u00e4ische Kommission stellt eine Plattform zur Online-Streitbeilegung (OS) bereit, die du unter&nbsp;<a href=\"http:\/\/ec.europa.eu\/consumers\/odr\/\" target=\"_blank\" rel=\"noopener\">http:\/\/ec.europa.eu\/consumers\/odr\/<\/a>&nbsp;findest. Verbraucher haben die M\u00f6glichkeit, sich f\u00fcr die Beilegung ihrer Streitigkeiten an [Name, Anschrift, Webseite der Schlichtungsstelle] zu wenden. Wir sind verpflichtet, an Verfahren zur Streitbeilegung vor dieser Stelle teilzunehmen. Wir werden an einem solchen Verfahren teilnehmen.<\/p>\n<\/div>\n<p><em>Alle Angaben ohne Gew\u00e4hr<\/em><\/p>\n","protected":false},"excerpt":{"rendered":"<p>&nbsp;Allgemeine Gesch\u00e4fts- und Lieferbedingungen Mit der Erteilung eines Auftrages erkl\u00e4rt sich der Kunde mit unseren Lieferungs- und Zahlungsbedingungen einverstanden.&nbsp; &nbsp;Anderslautende Bedingungen des K\u00e4ufers werden von uns nicht anerkannt, auch wenn wir nicht ausdr\u00fccklich widersprechen. Unsere Angebote erfolgen stets freibleibend. Die Preise verstehen sich in EURO, sofern nichts anderes vereinbart wurde.&nbsp;Ferner gelten die Preise ab Werk, [&hellip;]<\/p>\n","protected":false},"author":1,"featured_media":0,"parent":0,"menu_order":0,"comment_status":"closed","ping_status":"closed","template":"","meta":[],"_links":{"self":[{"href":"https:\/\/www.gilavandelden.de\/buchshop\/wp-json\/wp\/v2\/pages\/11067"}],"collection":[{"href":"https:\/\/www.gilavandelden.de\/buchshop\/wp-json\/wp\/v2\/pages"}],"about":[{"href":"https:\/\/www.gilavandelden.de\/buchshop\/wp-json\/wp\/v2\/types\/page"}],"author":[{"embeddable":true,"href":"https:\/\/www.gilavandelden.de\/buchshop\/wp-json\/wp\/v2\/users\/1"}],"replies":[{"embeddable":true,"href":"https:\/\/www.gilavandelden.de\/buchshop\/wp-json\/wp\/v2\/comments?post=11067"}],"version-history":[{"count":6,"href":"https:\/\/www.gilavandelden.de\/buchshop\/wp-json\/wp\/v2\/pages\/11067\/revisions"}],"predecessor-version":[{"id":11477,"href":"https:\/\/www.gilavandelden.de\/buchshop\/wp-json\/wp\/v2\/pages\/11067\/revisions\/11477"}],"wp:attachment":[{"href":"https:\/\/www.gilavandelden.de\/buchshop\/wp-json\/wp\/v2\/media?parent=11067"}],"curies":[{"name":"wp","href":"https:\/\/api.w.org\/{rel}","templated":true}]}}