{"id":10970,"date":"2017-07-31T23:54:01","date_gmt":"2017-07-31T21:54:01","guid":{"rendered":"http:\/\/www.gilavandelden.de\/buchshop\/?post_type=product&#038;p=10970"},"modified":"2023-07-03T18:22:36","modified_gmt":"2023-07-03T16:22:36","slug":"engel-traum","status":"publish","type":"product","link":"https:\/\/www.gilavandelden.de\/buchshop\/produkt\/engel-traum\/","title":{"rendered":"Engel-Traum (Gila van Delden)"},"content":{"rendered":"<p>Die Welt, in der wir leben, ist voller Herausforderungen, doch wir d\u00fcrfen auf die Kraft des Universums vertrauen,\u00a0dass uns f\u00fcr all unsere Aufgaben unsere Engel zur Seite gestellt werden. In dieser zauberhaften Phantasiereise erscheint\u00a0uns unser pers\u00f6nlicher Engel, der unsere Lebenssituation \u00fcberpr\u00fcft und uns hilft, das Leben zu meistern\u00a0und unsere Lebensaufgabe zu finden. Er hilft uns, K\u00f6rper, Geist und Seele zu stabilisieren und zu heilen. Es tut so\u00a0gut, sich eine Weile ganz vertrauensvoll nur der wohltuenden, licht- und liebevollen Pr\u00e4senz unseres Engels zu<br \/>\n\u00fcberlassen.<\/p>\n<p><strong>NUR ALS MP3-DOWNLOAD<\/strong><\/p>\n<p>&nbsp;<\/p>\n<p><strong>H\u00f6rprobe:<\/strong><\/p>\n<div id=\"video01\"><div class=\"embed-container\" style=\"\"><iframe src=\"https:\/\/www.youtube-nocookie.com\/embed\/HNgVQlLOGq4?rel=0&amp;showinfo=0\" frameborder=\"0\" allowfullscreen><\/iframe><\/div><\/div>\n","protected":false},"excerpt":{"rendered":"<p>Die Welt, in der wir leben, ist voller Herausforderungen, doch wir d\u00fcrfen auf die Kraft des Universums vertrauen,\u00a0dass uns f\u00fcr all unsere Aufgaben unsere Engel zur Seite gestellt werden. In dieser zauberhaften Phantasiereise erscheint\u00a0uns unser pers\u00f6nlicher Engel, der unsere Lebenssituation \u00fcberpr\u00fcft und uns hilft, das Leben zu meistern\u00a0und unsere Lebensaufgabe zu finden. Er hilft uns, [&hellip;]<\/p>\n","protected":false},"featured_media":11292,"template":"","meta":[],"product_cat":[63,59],"product_tag":[],"_links":{"self":[{"href":"https:\/\/www.gilavandelden.de\/buchshop\/wp-json\/wp\/v2\/product\/10970"}],"collection":[{"href":"https:\/\/www.gilavandelden.de\/buchshop\/wp-json\/wp\/v2\/product"}],"about":[{"href":"https:\/\/www.gilavandelden.de\/buchshop\/wp-json\/wp\/v2\/types\/product"}],"wp:featuredmedia":[{"embeddable":true,"href":"https:\/\/www.gilavandelden.de\/buchshop\/wp-json\/wp\/v2\/media\/11292"}],"wp:attachment":[{"href":"https:\/\/www.gilavandelden.de\/buchshop\/wp-json\/wp\/v2\/media?parent=10970"}],"wp:term":[{"taxonomy":"product_cat","embeddable":true,"href":"https:\/\/www.gilavandelden.de\/buchshop\/wp-json\/wp\/v2\/product_cat?post=10970"},{"taxonomy":"product_tag","embeddable":true,"href":"https:\/\/www.gilavandelden.de\/buchshop\/wp-json\/wp\/v2\/product_tag?post=10970"}],"curies":[{"name":"wp","href":"https:\/\/api.w.org\/{rel}","templated":true}]}}