{"id":10980,"date":"2017-08-01T00:28:30","date_gmt":"2017-07-31T22:28:30","guid":{"rendered":"http:\/\/www.gilavandelden.de\/buchshop\/?post_type=product&#038;p=10980"},"modified":"2023-07-03T18:21:44","modified_gmt":"2023-07-03T16:21:44","slug":"herzenswaerme","status":"publish","type":"product","link":"https:\/\/www.gilavandelden.de\/buchshop\/produkt\/herzenswaerme\/","title":{"rendered":"Herzensw\u00e4rme (Gila van Delden)"},"content":{"rendered":"<p>Unser Herz steht f\u00fcr das Gef\u00fchl. Wie viele Erfahrungen haben uns wachsen und reifen lassen! Oft erschien uns der Preis daf\u00fcr sehr hoch. In dieser wundersch\u00f6nen Meditation bringen Sie W\u00e4rme und Licht in Ihr Herz und sp\u00fcren, wer von all den Menschen in Ihrem Leben wichtig f\u00fcr Sie ist. Sie erfahren Ihr Herz als Zentrum Ihres Ichs \u2013 als Ihr innerstes Zuhause, in dem Sie sich wieder wohl f\u00fchlen. Hier lernen Sie, auf leichte und lockere, aber wirkungsvolle Art Menschen loszulassen, die in Ihrem Leben zwar eine Rolle gespielt haben, die aber jetzt nicht mehr wichtig f\u00fcr Sie sind. Sie sch\u00f6pfen Klarheit und neue Kraft aus dieser Erkenntnis.<\/p>\n<p>COUNTRY-VERLAG<\/p>\n<p>ISBN 978-3-9816486-3-8<\/p>\n<p><strong>H\u00f6rprobe:<\/strong><\/p>\n<div id=\"video01\"><div class=\"embed-container\" style=\"\"><iframe src=\"https:\/\/www.youtube-nocookie.com\/embed\/OLT4Bw8MIsY?rel=0&amp;showinfo=0\" frameborder=\"0\" allowfullscreen><\/iframe><\/div><\/div>\n","protected":false},"excerpt":{"rendered":"<p>Unser Herz steht f\u00fcr das Gef\u00fchl. Wie viele Erfahrungen haben uns wachsen und reifen lassen! Oft erschien uns der Preis daf\u00fcr sehr hoch. In dieser wundersch\u00f6nen Meditation bringen Sie W\u00e4rme und Licht in Ihr Herz und sp\u00fcren, wer von all den Menschen in Ihrem Leben wichtig f\u00fcr Sie ist. Sie erfahren Ihr Herz als Zentrum [&hellip;]<\/p>\n","protected":false},"featured_media":352,"template":"","meta":[],"product_cat":[63,24],"product_tag":[],"_links":{"self":[{"href":"https:\/\/www.gilavandelden.de\/buchshop\/wp-json\/wp\/v2\/product\/10980"}],"collection":[{"href":"https:\/\/www.gilavandelden.de\/buchshop\/wp-json\/wp\/v2\/product"}],"about":[{"href":"https:\/\/www.gilavandelden.de\/buchshop\/wp-json\/wp\/v2\/types\/product"}],"wp:featuredmedia":[{"embeddable":true,"href":"https:\/\/www.gilavandelden.de\/buchshop\/wp-json\/wp\/v2\/media\/352"}],"wp:attachment":[{"href":"https:\/\/www.gilavandelden.de\/buchshop\/wp-json\/wp\/v2\/media?parent=10980"}],"wp:term":[{"taxonomy":"product_cat","embeddable":true,"href":"https:\/\/www.gilavandelden.de\/buchshop\/wp-json\/wp\/v2\/product_cat?post=10980"},{"taxonomy":"product_tag","embeddable":true,"href":"https:\/\/www.gilavandelden.de\/buchshop\/wp-json\/wp\/v2\/product_tag?post=10980"}],"curies":[{"name":"wp","href":"https:\/\/api.w.org\/{rel}","templated":true}]}}