{"id":10982,"date":"2017-08-01T00:32:04","date_gmt":"2017-07-31T22:32:04","guid":{"rendered":"http:\/\/www.gilavandelden.de\/buchshop\/?post_type=product&#038;p=10982"},"modified":"2023-07-03T18:21:18","modified_gmt":"2023-07-03T16:21:18","slug":"heilung","status":"publish","type":"product","link":"https:\/\/www.gilavandelden.de\/buchshop\/produkt\/heilung\/","title":{"rendered":"Heilung (Gila van Delden)"},"content":{"rendered":"<p>Unser K\u00f6rper ist der Tempel unserer Seele. Diese wunderbare Heilungsmeditation l\u00e4sst uns intuitiv erkennen, was f\u00fcr unseren K\u00f6rper wichtig ist. Sie bringt Seele, Geist und K\u00f6rper in Harmonie und vermittelt Verst\u00e4ndnis f\u00fcr die Zusammenh\u00e4nge der ganzheitlichen Schwingungen. Mit wunderbarer heilender Energie wird dem K\u00f6rper frische Kraft gegeben, und der Heilungsprozess wird auf der mentalen Ebene gef\u00f6rdert oder sogar vollzogen. Diese heilende Meditation ist sehr kraftvoll und kann immer wieder bei allen seelischen und k\u00f6rperlichen Disharmonien eingesetzt werden.<\/p>\n<p>&nbsp;<\/p>\n<p><strong>NUR ALS MP3-DOWNLOAD<\/strong><\/p>\n<p>&nbsp;<\/p>\n<p><strong>H\u00f6rprobe:<\/strong><\/p>\n<div id=\"video01\"><div class=\"embed-container\" style=\"\"><iframe src=\"https:\/\/www.youtube-nocookie.com\/embed\/Ii5FtnYddzc?rel=0&amp;showinfo=0\" frameborder=\"0\" allowfullscreen><\/iframe><\/div><\/div>\n","protected":false},"excerpt":{"rendered":"<p>Unser K\u00f6rper ist der Tempel unserer Seele. Diese wunderbare Heilungsmeditation l\u00e4sst uns intuitiv erkennen, was f\u00fcr unseren K\u00f6rper wichtig ist. Sie bringt Seele, Geist und K\u00f6rper in Harmonie und vermittelt Verst\u00e4ndnis f\u00fcr die Zusammenh\u00e4nge der ganzheitlichen Schwingungen. Mit wunderbarer heilender Energie wird dem K\u00f6rper frische Kraft gegeben, und der Heilungsprozess wird auf der mentalen Ebene [&hellip;]<\/p>\n","protected":false},"featured_media":351,"template":"","meta":[],"product_cat":[63,24],"product_tag":[],"_links":{"self":[{"href":"https:\/\/www.gilavandelden.de\/buchshop\/wp-json\/wp\/v2\/product\/10982"}],"collection":[{"href":"https:\/\/www.gilavandelden.de\/buchshop\/wp-json\/wp\/v2\/product"}],"about":[{"href":"https:\/\/www.gilavandelden.de\/buchshop\/wp-json\/wp\/v2\/types\/product"}],"wp:featuredmedia":[{"embeddable":true,"href":"https:\/\/www.gilavandelden.de\/buchshop\/wp-json\/wp\/v2\/media\/351"}],"wp:attachment":[{"href":"https:\/\/www.gilavandelden.de\/buchshop\/wp-json\/wp\/v2\/media?parent=10982"}],"wp:term":[{"taxonomy":"product_cat","embeddable":true,"href":"https:\/\/www.gilavandelden.de\/buchshop\/wp-json\/wp\/v2\/product_cat?post=10982"},{"taxonomy":"product_tag","embeddable":true,"href":"https:\/\/www.gilavandelden.de\/buchshop\/wp-json\/wp\/v2\/product_tag?post=10982"}],"curies":[{"name":"wp","href":"https:\/\/api.w.org\/{rel}","templated":true}]}}