{"id":10984,"date":"2017-08-01T00:34:44","date_gmt":"2017-07-31T22:34:44","guid":{"rendered":"http:\/\/www.gilavandelden.de\/buchshop\/?post_type=product&#038;p=10984"},"modified":"2023-07-03T18:20:51","modified_gmt":"2023-07-03T16:20:51","slug":"vergebung","status":"publish","type":"product","link":"https:\/\/www.gilavandelden.de\/buchshop\/produkt\/vergebung\/","title":{"rendered":"Vergebung (Gila van Delden)"},"content":{"rendered":"<p>Bewusst oder unbewusst ist unser aller Wunsch, dass uns vergeben wird und dass wir vergeben k\u00f6nnen, damit sich mehr Lebendigkeit, Liebe und Freude in unserem Leben zeigt. Alles, was uns nicht mehr bedr\u00fcckt, gibt uns ein Gef\u00fchl von Leichtigkeit und Frohsinn. In dieser tiefgehenden Meditation haben Sie die M\u00f6glichkeit, alle Verlet-zungen aufzuarbeiten. Auf der unbewussten Ebene erfahren Sie Verst\u00e4ndnis und Vergebung f\u00fcr die Menschen, von denen Sie selbst sehr verletzt worden sind, aber auch f\u00fcr Ihr eigenes Fehlverhalten. Vergebungsw\u00fcnsche er-reichen jede Seele, wo immer sie auch ist \u2013 im Diesseits oder Jenseits.<\/p>\n<p>COUNTRY-VERLAG<\/p>\n<p>ISBN 978-3-9816486-5-2<\/p>\n<p><strong>H\u00f6rprobe:<\/strong><\/p>\n<div id=\"video01\"><div class=\"embed-container\" style=\"\"><iframe src=\"https:\/\/www.youtube-nocookie.com\/embed\/FMNZZD60ee4?rel=0&amp;showinfo=0\" frameborder=\"0\" allowfullscreen><\/iframe><\/div><\/div>\n","protected":false},"excerpt":{"rendered":"<p>Bewusst oder unbewusst ist unser aller Wunsch, dass uns vergeben wird und dass wir vergeben k\u00f6nnen, damit sich mehr Lebendigkeit, Liebe und Freude in unserem Leben zeigt. Alles, was uns nicht mehr bedr\u00fcckt, gibt uns ein Gef\u00fchl von Leichtigkeit und Frohsinn. In dieser tiefgehenden Meditation haben Sie die M\u00f6glichkeit, alle Verlet-zungen aufzuarbeiten. Auf der unbewussten [&hellip;]<\/p>\n","protected":false},"featured_media":356,"template":"","meta":[],"product_cat":[63,24],"product_tag":[],"_links":{"self":[{"href":"https:\/\/www.gilavandelden.de\/buchshop\/wp-json\/wp\/v2\/product\/10984"}],"collection":[{"href":"https:\/\/www.gilavandelden.de\/buchshop\/wp-json\/wp\/v2\/product"}],"about":[{"href":"https:\/\/www.gilavandelden.de\/buchshop\/wp-json\/wp\/v2\/types\/product"}],"wp:featuredmedia":[{"embeddable":true,"href":"https:\/\/www.gilavandelden.de\/buchshop\/wp-json\/wp\/v2\/media\/356"}],"wp:attachment":[{"href":"https:\/\/www.gilavandelden.de\/buchshop\/wp-json\/wp\/v2\/media?parent=10984"}],"wp:term":[{"taxonomy":"product_cat","embeddable":true,"href":"https:\/\/www.gilavandelden.de\/buchshop\/wp-json\/wp\/v2\/product_cat?post=10984"},{"taxonomy":"product_tag","embeddable":true,"href":"https:\/\/www.gilavandelden.de\/buchshop\/wp-json\/wp\/v2\/product_tag?post=10984"}],"curies":[{"name":"wp","href":"https:\/\/api.w.org\/{rel}","templated":true}]}}