{"id":10989,"date":"2017-08-01T00:42:12","date_gmt":"2017-07-31T22:42:12","guid":{"rendered":"http:\/\/www.gilavandelden.de\/buchshop\/?post_type=product&#038;p=10989"},"modified":"2023-07-03T18:18:11","modified_gmt":"2023-07-03T16:18:11","slug":"traumreise-ins-licht","status":"publish","type":"product","link":"https:\/\/www.gilavandelden.de\/buchshop\/produkt\/traumreise-ins-licht\/","title":{"rendered":"Traumreise ins Licht (Gila van Delden)"},"content":{"rendered":"<p>Eine zauberhafte, gef\u00fchrte Lichtmeditation: Sie atmen das Licht der aufgehenden Sonne ein und beginnen, Ihren K\u00f6rper mit dieser Energie aufzuladen. Es sind Wellen goldenen Lichtes, die zu Ihnen kommen &#8211; die kraftvoll sind. Die goldenen Strahlen der Sonne ber\u00fchren Ihren K\u00f6rper &#8211; und Sie atmen alles tief ein und f\u00fcllen Ihren K\u00f6rper immer mehr an mit dieser gro\u00dfen Kraft. Und mit dem Ausatmen \u00f6ffnet sich Ihr Energiezentrum oben auf Ihrem Kopf wie eine Bl\u00fcte. So kann Ihre Energie zu Ihrem Sonnensymbol Ihres H\u00f6heren Selbst flie\u00dfen, und Ihre W\u00fcnsche werden hoch getragen zu Ihrem H\u00f6heren Selbst&#8230;<\/p>\n<p>COUNTRY-VERLAG<\/p>\n<p>ISBN 978-3-9803144-4-2<\/p>\n<p><strong>H\u00f6rprobe:<\/strong><\/p>\n<div id=\"video01\"><div class=\"embed-container\" style=\"\"><iframe src=\"https:\/\/www.youtube-nocookie.com\/embed\/pubMkMx2Qxk?rel=0&amp;showinfo=0\" frameborder=\"0\" allowfullscreen><\/iframe><\/div><\/div>\n","protected":false},"excerpt":{"rendered":"<p>Eine zauberhafte, gef\u00fchrte Lichtmeditation: Sie atmen das Licht der aufgehenden Sonne ein und beginnen, Ihren K\u00f6rper mit dieser Energie aufzuladen. Es sind Wellen goldenen Lichtes, die zu Ihnen kommen &#8211; die kraftvoll sind. Die goldenen Strahlen der Sonne ber\u00fchren Ihren K\u00f6rper &#8211; und Sie atmen alles tief ein und f\u00fcllen Ihren K\u00f6rper immer mehr an [&hellip;]<\/p>\n","protected":false},"featured_media":355,"template":"","meta":[],"product_cat":[63,24],"product_tag":[],"_links":{"self":[{"href":"https:\/\/www.gilavandelden.de\/buchshop\/wp-json\/wp\/v2\/product\/10989"}],"collection":[{"href":"https:\/\/www.gilavandelden.de\/buchshop\/wp-json\/wp\/v2\/product"}],"about":[{"href":"https:\/\/www.gilavandelden.de\/buchshop\/wp-json\/wp\/v2\/types\/product"}],"wp:featuredmedia":[{"embeddable":true,"href":"https:\/\/www.gilavandelden.de\/buchshop\/wp-json\/wp\/v2\/media\/355"}],"wp:attachment":[{"href":"https:\/\/www.gilavandelden.de\/buchshop\/wp-json\/wp\/v2\/media?parent=10989"}],"wp:term":[{"taxonomy":"product_cat","embeddable":true,"href":"https:\/\/www.gilavandelden.de\/buchshop\/wp-json\/wp\/v2\/product_cat?post=10989"},{"taxonomy":"product_tag","embeddable":true,"href":"https:\/\/www.gilavandelden.de\/buchshop\/wp-json\/wp\/v2\/product_tag?post=10989"}],"curies":[{"name":"wp","href":"https:\/\/api.w.org\/{rel}","templated":true}]}}