{"id":10990,"date":"2017-08-01T00:47:38","date_gmt":"2017-07-31T22:47:38","guid":{"rendered":"http:\/\/www.gilavandelden.de\/buchshop\/?post_type=product&#038;p=10990"},"modified":"2023-07-03T18:17:42","modified_gmt":"2023-07-03T16:17:42","slug":"begeisternde-rede","status":"publish","type":"product","link":"https:\/\/www.gilavandelden.de\/buchshop\/produkt\/begeisternde-rede\/","title":{"rendered":"Begeisternde Rede (Gila van Delden)"},"content":{"rendered":"<p>Bei dieser wundersch\u00f6nen, gef\u00fchrten Meditation wird die Motivation aufgebaut, in gr\u00f6\u00dferen Gruppen zu sprechen. Hier k\u00f6nnen Sie auf der B\u00fchne Ihrer Phantasie ausprobieren, wie das, was Sie eigentlich sagen m\u00f6chten, bei dem zuh\u00f6renden Publikum ankommt. Sie werden immer sicherer und sp\u00fcren die Begeisterung, die Ihnen von Ihren Zuh\u00f6rern entgegenschl\u00e4gt. Vorstellung schafft Wirklichkeit! Diese wirkungsvolle Phantasiereise gibt Ihnen die Gelegenheit, Ihre Begeisterung und Ausstrahlung von Mal zu Mal \u00fcberzeugender auf andere Menschen wirken zu las-sen. Hier lernen Sie auf angenehme und v\u00f6llig entspannende Art, vor anderen zu reden und aufzutreten.<\/p>\n<p>COUNTRY-VERLAG<\/p>\n<p>ISBN 978-3-9803144-3-5<\/p>\n<p><strong>H\u00f6rprobe:<\/strong><\/p>\n<div id=\"video01\"><div class=\"embed-container\" style=\"\"><iframe src=\"https:\/\/www.youtube-nocookie.com\/embed\/Vup_VV0RMIA?rel=0&amp;showinfo=0\" frameborder=\"0\" allowfullscreen><\/iframe><\/div><\/div>\n","protected":false},"excerpt":{"rendered":"<p>Bei dieser wundersch\u00f6nen, gef\u00fchrten Meditation wird die Motivation aufgebaut, in gr\u00f6\u00dferen Gruppen zu sprechen. Hier k\u00f6nnen Sie auf der B\u00fchne Ihrer Phantasie ausprobieren, wie das, was Sie eigentlich sagen m\u00f6chten, bei dem zuh\u00f6renden Publikum ankommt. Sie werden immer sicherer und sp\u00fcren die Begeisterung, die Ihnen von Ihren Zuh\u00f6rern entgegenschl\u00e4gt. Vorstellung schafft Wirklichkeit! Diese wirkungsvolle Phantasiereise [&hellip;]<\/p>\n","protected":false},"featured_media":358,"template":"","meta":[],"product_cat":[63,24],"product_tag":[],"_links":{"self":[{"href":"https:\/\/www.gilavandelden.de\/buchshop\/wp-json\/wp\/v2\/product\/10990"}],"collection":[{"href":"https:\/\/www.gilavandelden.de\/buchshop\/wp-json\/wp\/v2\/product"}],"about":[{"href":"https:\/\/www.gilavandelden.de\/buchshop\/wp-json\/wp\/v2\/types\/product"}],"wp:featuredmedia":[{"embeddable":true,"href":"https:\/\/www.gilavandelden.de\/buchshop\/wp-json\/wp\/v2\/media\/358"}],"wp:attachment":[{"href":"https:\/\/www.gilavandelden.de\/buchshop\/wp-json\/wp\/v2\/media?parent=10990"}],"wp:term":[{"taxonomy":"product_cat","embeddable":true,"href":"https:\/\/www.gilavandelden.de\/buchshop\/wp-json\/wp\/v2\/product_cat?post=10990"},{"taxonomy":"product_tag","embeddable":true,"href":"https:\/\/www.gilavandelden.de\/buchshop\/wp-json\/wp\/v2\/product_tag?post=10990"}],"curies":[{"name":"wp","href":"https:\/\/api.w.org\/{rel}","templated":true}]}}