{"id":11003,"date":"2017-08-01T01:21:54","date_gmt":"2017-07-31T23:21:54","guid":{"rendered":"http:\/\/www.gilavandelden.de\/buchshop\/?post_type=product&#038;p=11003"},"modified":"2023-07-03T18:16:06","modified_gmt":"2023-07-03T16:16:06","slug":"aus-einem-kleinen-samenkorn","status":"publish","type":"product","link":"https:\/\/www.gilavandelden.de\/buchshop\/produkt\/aus-einem-kleinen-samenkorn\/","title":{"rendered":"&#8230; aus einem kleinen Samenkorn (Gila van Delden) &#8211; Gebundenes Buch oder auch als E-Book!"},"content":{"rendered":"<p>&#8230; aus einem kleinen Samenkorn<\/p>\n<p>\u201eWerde ich sp\u00fcren, wenn irgendwann wieder mein Engel der Partnerschaft sich mit dem Engel meines Partners in Verbindung setzt, um ein heimliches Arrangement zu treffen \u2013 eine Begegnung, die meiner jetzigen Einstellung entspricht: Ich habe aufgeh\u00f6rt zu suchen \u2013 ich lasse mich finden? Werde ich sp\u00fcren, wenn diese Engel gemeinsam einen Plan f\u00fcr zwei Menschen entwerfen, um alles f\u00fcr die beiden in die richtigen Bahnen zu lenken?\u201c<\/p>\n<p>Als sie diese Fragen stellt, ahnt Gila van Delden noch nicht, dass sie bald danach im Internet einen Mann kennenlernt. Beide sp\u00fcren, dass sie offensichtlich durch ihre gemeinsame Lebensaufgabe f\u00fcreinander bestimmt sind. Erfrischend erdverbunden, voll Humor und sehr tiefsinnig schildert die Autorin hier ihre authentischen Erlebnisse. Auch l\u00e4sst sie den Leser behutsam teilhaben an bewegenden und heiteren Episoden aus ihrer T\u00e4tigkeit als Seminarleiterin, die nachdenklich stimmen.<\/p>\n<p>Ein Buch mit viel Tiefgang, humorvoll, locker und leicht verpackt \u2013 man m\u00f6chte immer weiter lesen!<\/p>\n<p><strong>Hardcover:\u00a0 \u00a0ISBN 978-3-9803144-9-7<\/strong><\/p>\n<p><strong>E-BOOK:\u00a0 \u00a0 \u00a0 \u00a0ISBN\u00a0978-3-9822751-3-0\u00a0 \u00a0 \u00a0 \u00a0Format epub<\/strong><\/p>\n<p><a href=\"http:\/\/www.gilavandelden.de\/buchshop\/wp-content\/uploads\/2017\/08\/Leseprobe4-SAMENKORN.pdf\">Leseprobe<\/a><\/p>\n","protected":false},"excerpt":{"rendered":"<p>&#8230; aus einem kleinen Samenkorn \u201eWerde ich sp\u00fcren, wenn irgendwann wieder mein Engel der Partnerschaft sich mit dem Engel meines Partners in Verbindung setzt, um ein heimliches Arrangement zu treffen \u2013 eine Begegnung, die meiner jetzigen Einstellung entspricht: Ich habe aufgeh\u00f6rt zu suchen \u2013 ich lasse mich finden? Werde ich sp\u00fcren, wenn diese Engel gemeinsam [&hellip;]<\/p>\n","protected":false},"featured_media":11027,"template":"","meta":[],"product_cat":[63,27],"product_tag":[],"_links":{"self":[{"href":"https:\/\/www.gilavandelden.de\/buchshop\/wp-json\/wp\/v2\/product\/11003"}],"collection":[{"href":"https:\/\/www.gilavandelden.de\/buchshop\/wp-json\/wp\/v2\/product"}],"about":[{"href":"https:\/\/www.gilavandelden.de\/buchshop\/wp-json\/wp\/v2\/types\/product"}],"wp:featuredmedia":[{"embeddable":true,"href":"https:\/\/www.gilavandelden.de\/buchshop\/wp-json\/wp\/v2\/media\/11027"}],"wp:attachment":[{"href":"https:\/\/www.gilavandelden.de\/buchshop\/wp-json\/wp\/v2\/media?parent=11003"}],"wp:term":[{"taxonomy":"product_cat","embeddable":true,"href":"https:\/\/www.gilavandelden.de\/buchshop\/wp-json\/wp\/v2\/product_cat?post=11003"},{"taxonomy":"product_tag","embeddable":true,"href":"https:\/\/www.gilavandelden.de\/buchshop\/wp-json\/wp\/v2\/product_tag?post=11003"}],"curies":[{"name":"wp","href":"https:\/\/api.w.org\/{rel}","templated":true}]}}