{"id":11004,"date":"2017-08-01T01:22:36","date_gmt":"2017-07-31T23:22:36","guid":{"rendered":"http:\/\/www.gilavandelden.de\/buchshop\/?post_type=product&#038;p=11004"},"modified":"2023-07-03T18:15:33","modified_gmt":"2023-07-03T16:15:33","slug":"liebe-ist-die-groesste-kraft","status":"publish","type":"product","link":"https:\/\/www.gilavandelden.de\/buchshop\/produkt\/liebe-ist-die-groesste-kraft\/","title":{"rendered":"Liebe ist die gr\u00f6\u00dfte Kraft! (Gila van Delden) &#8211; Gebundenes Buch oder auch als E-Book!"},"content":{"rendered":"<p>Liebe ist die gr\u00f6\u00dfte Kraft!<\/p>\n<p>Jeder versp\u00fcrt beim Lesen dieses humorvollen Buches mit Tiefgang, was die Liebe in unserem Leben vermag.<\/p>\n<p>Nach ihrem Bestseller und Tatsachenbericht \u201eMutter Erde, trage mich \u2026!\u201c hat die Autorin mit diesem Buch wieder einen echten Hit gelandet! Durch ihre erfrischende und humorvolle Art des Schreibens ist sie inzwischen in ganz Europa sehr bekannt.<\/p>\n<p>Voller Liebe und Verst\u00e4ndnis erz\u00e4hlt sie auch in diesem Buch wieder von ergreifenden, kuriosen, aber auch lustigen Begebenheiten, die sie sowohl als Seminarleiterin als auch in ihrem privaten Umfeld erlebt hat. In allen ihren bisher erschienenen B\u00fcchern ist es der Autorin gelungen, auf humorvolle und ganz lockere Art Wesentliches und Nachdenkliches zu vermitteln.<\/p>\n<p>Unendlich tr\u00f6stlich ist es, wie die Autorin den Leser auch im vorliegenden Buch wieder an ihren spirituellen Erfahrungen und aufr\u00fcttelnden Erlebnissen teilhaben l\u00e4sst. Damit tritt sie den Beweis an \u2013 wir leben weiter!<\/p>\n<p><strong>Hardcover:\u00a0 \u00a0ISBN 978-3-9803144-7-3<\/strong><\/p>\n<p><strong>E-BOOK:\u00a0 \u00a0 \u00a0 \u00a0ISBN\u00a0978-3-9822751-4-7\u00a0 \u00a0 \u00a0\u00a0Format epub<\/strong><\/p>\n<p><a href=\"http:\/\/www.gilavandelden.de\/buchshop\/wp-content\/uploads\/2017\/08\/Leseprobe5-LIEBE_IST.pdf\">Leseprobe<\/a><\/p>\n","protected":false},"excerpt":{"rendered":"<p>Liebe ist die gr\u00f6\u00dfte Kraft! Jeder versp\u00fcrt beim Lesen dieses humorvollen Buches mit Tiefgang, was die Liebe in unserem Leben vermag. Nach ihrem Bestseller und Tatsachenbericht \u201eMutter Erde, trage mich \u2026!\u201c hat die Autorin mit diesem Buch wieder einen echten Hit gelandet! Durch ihre erfrischende und humorvolle Art des Schreibens ist sie inzwischen in ganz [&hellip;]<\/p>\n","protected":false},"featured_media":11026,"template":"","meta":[],"product_cat":[63,27],"product_tag":[],"_links":{"self":[{"href":"https:\/\/www.gilavandelden.de\/buchshop\/wp-json\/wp\/v2\/product\/11004"}],"collection":[{"href":"https:\/\/www.gilavandelden.de\/buchshop\/wp-json\/wp\/v2\/product"}],"about":[{"href":"https:\/\/www.gilavandelden.de\/buchshop\/wp-json\/wp\/v2\/types\/product"}],"wp:featuredmedia":[{"embeddable":true,"href":"https:\/\/www.gilavandelden.de\/buchshop\/wp-json\/wp\/v2\/media\/11026"}],"wp:attachment":[{"href":"https:\/\/www.gilavandelden.de\/buchshop\/wp-json\/wp\/v2\/media?parent=11004"}],"wp:term":[{"taxonomy":"product_cat","embeddable":true,"href":"https:\/\/www.gilavandelden.de\/buchshop\/wp-json\/wp\/v2\/product_cat?post=11004"},{"taxonomy":"product_tag","embeddable":true,"href":"https:\/\/www.gilavandelden.de\/buchshop\/wp-json\/wp\/v2\/product_tag?post=11004"}],"curies":[{"name":"wp","href":"https:\/\/api.w.org\/{rel}","templated":true}]}}