{"id":11005,"date":"2017-08-01T01:25:02","date_gmt":"2017-07-31T23:25:02","guid":{"rendered":"http:\/\/www.gilavandelden.de\/buchshop\/?post_type=product&#038;p=11005"},"modified":"2023-07-03T18:14:58","modified_gmt":"2023-07-03T16:14:58","slug":"ach-du-liebes-leben","status":"publish","type":"product","link":"https:\/\/www.gilavandelden.de\/buchshop\/produkt\/ach-du-liebes-leben\/","title":{"rendered":"Ach du liebes Leben! (Gila van Delden)- Gebundenes Buch oder auch als E-Book!"},"content":{"rendered":"<p>Ach du liebes Leben \u2026!<\/p>\n<p>Ein ganz besonderer Lebensr\u00fcckblick aus der Reihe der Tatsachenberichte von Gila van Delden!<\/p>\n<p>In diesem Buch vermittelt die Autorin dem Leser wieder auf ihre beschwingte und fr\u00f6hliche Art fesselnde Beispiele aus dem Leben, die sowohl zum Schmunzeln anregen als auch sehr nachdenklich stimmen. Ergreifend schreibt Gila hier, wie eine ihrer Seminarteilnehmerinnen, die von der Schulmedizin bereits aufgegeben wurde, vom Krebs geheilt wird. Mutig geht sie hier auch auf ihre eigene Vergangenheit ein, erz\u00e4hlt aus ihrer Kindheit und Jugend \u2013 und auch aus der Zeit ihrer jungen Ehe. Mit ihrem spirituellen Bewusstsein beleuchtet sie ihre Vergangenheit aus der Reife ihres Lebens und m\u00f6chte damit den Leser in ein tieferes Verst\u00e4ndnis f\u00fchren, den Sinn in allem zu erkennen.<\/p>\n<p>Immer wieder taucht sie aber auch in den Gegenwartspunkt ihrer heutigen Welt als Frau, Mutter und Seminarleiterin ein, indem sie pers\u00f6nliche Episoden und Erlebnisse beschreibt, die nachdenklich stimmen. Dann jedoch wird der Leser wieder sehr oft zu einem herzhaften Lachen angeregt.<\/p>\n<p>Die Autorin von bisher 8 B\u00fcchern, u.a. dem Bestseller \u201eMutter Erde, trage mich \u2026!\u201c trifft mit diesem Buch wieder direkt die Herzen ihrer Leser! Ihre Werke sind bereits im gesamten deutschsprachigen Europa \u00e4u\u00dferst beliebt. Ein zauberhaftes Buch, das zum Schmunzeln, zum Lachen und zu tiefem spirituellen Verst\u00e4ndnis einl\u00e4dt!<\/p>\n<p><strong>Hardcover:\u00a0 \u00a0ISBN 978-3-9816486-9-0<\/strong><\/p>\n<p><strong>E-BOOK:\u00a0 \u00a0 \u00a0 \u00a0ISBN\u00a0978-3-9822751-5-4\u00a0 \u00a0 \u00a0\u00a0Format epub<\/strong><\/p>\n<p><a href=\"http:\/\/www.gilavandelden.de\/buchshop\/wp-content\/uploads\/2017\/08\/Leseprobe6-ACH_DU_LIEBES_LEBEN.pdf\">Leseprobe<\/a><\/p>\n","protected":false},"excerpt":{"rendered":"<p>Ach du liebes Leben \u2026! Ein ganz besonderer Lebensr\u00fcckblick aus der Reihe der Tatsachenberichte von Gila van Delden! In diesem Buch vermittelt die Autorin dem Leser wieder auf ihre beschwingte und fr\u00f6hliche Art fesselnde Beispiele aus dem Leben, die sowohl zum Schmunzeln anregen als auch sehr nachdenklich stimmen. Ergreifend schreibt Gila hier, wie eine ihrer [&hellip;]<\/p>\n","protected":false},"featured_media":11025,"template":"","meta":[],"product_cat":[63,27],"product_tag":[],"_links":{"self":[{"href":"https:\/\/www.gilavandelden.de\/buchshop\/wp-json\/wp\/v2\/product\/11005"}],"collection":[{"href":"https:\/\/www.gilavandelden.de\/buchshop\/wp-json\/wp\/v2\/product"}],"about":[{"href":"https:\/\/www.gilavandelden.de\/buchshop\/wp-json\/wp\/v2\/types\/product"}],"wp:featuredmedia":[{"embeddable":true,"href":"https:\/\/www.gilavandelden.de\/buchshop\/wp-json\/wp\/v2\/media\/11025"}],"wp:attachment":[{"href":"https:\/\/www.gilavandelden.de\/buchshop\/wp-json\/wp\/v2\/media?parent=11005"}],"wp:term":[{"taxonomy":"product_cat","embeddable":true,"href":"https:\/\/www.gilavandelden.de\/buchshop\/wp-json\/wp\/v2\/product_cat?post=11005"},{"taxonomy":"product_tag","embeddable":true,"href":"https:\/\/www.gilavandelden.de\/buchshop\/wp-json\/wp\/v2\/product_tag?post=11005"}],"curies":[{"name":"wp","href":"https:\/\/api.w.org\/{rel}","templated":true}]}}