{"id":11006,"date":"2017-08-01T01:26:01","date_gmt":"2017-07-31T23:26:01","guid":{"rendered":"http:\/\/www.gilavandelden.de\/buchshop\/?post_type=product&#038;p=11006"},"modified":"2023-07-03T18:13:23","modified_gmt":"2023-07-03T16:13:23","slug":"impulse-zum-gluecklichsein","status":"publish","type":"product","link":"https:\/\/www.gilavandelden.de\/buchshop\/produkt\/impulse-zum-gluecklichsein\/","title":{"rendered":"Impulse zum Gl\u00fccklichsein! (Gila van Delden) &#8211; Gebundenes Buch oder auch als E-Book!"},"content":{"rendered":"<p>Impulse zum Gl\u00fccklichsein<\/p>\n<p>Die Autorin hat inzwischen mit ihren sechs bewegenden spirituellen humorvollen Tatsachenberichten einen gro\u00dfen Bekanntheitsgrad in Europa erreicht.<\/p>\n<p>\u201aImpulse zum Gl\u00fccklichsein\u2019 ist eine besondere Auswahl geistiger Lebensgesetze und positiver Glaubenss\u00e4tze aus ihren B\u00fcchern und Vortr\u00e4gen: Wie lasse ich Menschen und Situationen in Liebe los? Wie gehe ich mit Trauer um? Wie l\u00f6se ich Konflikte zwischen Partnern, Kindern und Eltern? Wie bekomme ich mein Leben selbst in den Griff? Wie erlange ich mehr Selbstvertrauen? Wie bringe ich Gesundheit, Frieden und Wohlstand in mein Leben? Wie erkenne ich Ursachen von Krankheiten: Wie kann ich sie aufl\u00f6sen? Wie verzeihe ich, ohne selbst dabei zu leiden?<\/p>\n<p>\u201aImpulse zum Gl\u00fccklichsein\u2019 gibt Antworten auf diese Fragen und ist ein Begleiter in allen Situationen des Lebens. Anhand der dargestellten Lebensformeln kann der Leser die eigene Bewusstseinshaltung \u00fcberpr\u00fcfen. Durch neue Affirmationen und Glaubenss\u00e4tze wird das Vertrauen in das Leben gest\u00e4rkt und gef\u00f6rdert.<\/p>\n<p>\u2018Impulse zum Gl\u00fccklichsein\u2019 bietet dem Leser auf liebevolle Art L\u00f6sungen an, wie er die Umst\u00e4nde seines Lebens durch seine eigene innere Kraft selbst bestimmen oder ver\u00e4ndern kann.<\/p>\n<p><strong>Hardcover:\u00a0 \u00a0ISBN 978-3-9803144-59<\/strong><\/p>\n<p><strong>E-BOOK:\u00a0 \u00a0 \u00a0 \u00a0ISBN\u00a0978-3-9822751-7-8\u00a0 \u00a0 \u00a0\u00a0Format epub<\/strong><\/p>\n<p><a href=\"http:\/\/www.gilavandelden.de\/buchshop\/wp-content\/uploads\/2017\/08\/Leseprobe7-IMPULSE.pdf\">Leseprobe<\/a><\/p>\n","protected":false},"excerpt":{"rendered":"<p>Impulse zum Gl\u00fccklichsein Die Autorin hat inzwischen mit ihren sechs bewegenden spirituellen humorvollen Tatsachenberichten einen gro\u00dfen Bekanntheitsgrad in Europa erreicht. \u201aImpulse zum Gl\u00fccklichsein\u2019 ist eine besondere Auswahl geistiger Lebensgesetze und positiver Glaubenss\u00e4tze aus ihren B\u00fcchern und Vortr\u00e4gen: Wie lasse ich Menschen und Situationen in Liebe los? Wie gehe ich mit Trauer um? Wie l\u00f6se ich [&hellip;]<\/p>\n","protected":false},"featured_media":11023,"template":"","meta":[],"product_cat":[63,27],"product_tag":[],"_links":{"self":[{"href":"https:\/\/www.gilavandelden.de\/buchshop\/wp-json\/wp\/v2\/product\/11006"}],"collection":[{"href":"https:\/\/www.gilavandelden.de\/buchshop\/wp-json\/wp\/v2\/product"}],"about":[{"href":"https:\/\/www.gilavandelden.de\/buchshop\/wp-json\/wp\/v2\/types\/product"}],"wp:featuredmedia":[{"embeddable":true,"href":"https:\/\/www.gilavandelden.de\/buchshop\/wp-json\/wp\/v2\/media\/11023"}],"wp:attachment":[{"href":"https:\/\/www.gilavandelden.de\/buchshop\/wp-json\/wp\/v2\/media?parent=11006"}],"wp:term":[{"taxonomy":"product_cat","embeddable":true,"href":"https:\/\/www.gilavandelden.de\/buchshop\/wp-json\/wp\/v2\/product_cat?post=11006"},{"taxonomy":"product_tag","embeddable":true,"href":"https:\/\/www.gilavandelden.de\/buchshop\/wp-json\/wp\/v2\/product_tag?post=11006"}],"curies":[{"name":"wp","href":"https:\/\/api.w.org\/{rel}","templated":true}]}}