{"id":11211,"date":"2017-10-11T04:22:24","date_gmt":"2017-10-11T02:22:24","guid":{"rendered":"http:\/\/www.gilavandelden.de\/buchshop\/?post_type=product&#038;p=11211"},"modified":"2023-07-03T18:12:06","modified_gmt":"2023-07-03T16:12:06","slug":"ich-bin-ein-kind-der-schoepfung","status":"publish","type":"product","link":"https:\/\/www.gilavandelden.de\/buchshop\/produkt\/ich-bin-ein-kind-der-schoepfung\/","title":{"rendered":"Ich bin ein Kind der Sch\u00f6pfung (Gila van Delden)- Gebundenes Buch oder auch als E-Book!"},"content":{"rendered":"<p style=\"text-align: center;\"><strong>Ich bin ein Kind der Sch\u00f6pfung<\/strong><\/p>\n<p style=\"text-align: center;\"><strong>Mit diesem Buch trifft die Autorin wieder direkt in die Herzen ihrer Leser!<\/strong><\/p>\n<p style=\"text-align: center;\"><strong>\u201eGila van Deldens B\u00fccher machen s\u00fcchtig!\u201c<\/strong><\/p>\n<p>Solche Worte h\u00f6rt die Autorin in ihrer langj\u00e4hrigen T\u00e4tigkeit als Seminarleiterin immer wieder \u2013 und nach ihren acht bereits ver\u00f6ffentlichten B\u00fcchern k\u00f6nnen sich die Leser jetzt wieder auf einen weiteren Lesegenuss freuen!<br \/>\nInteressant ist, wie Gila van Delden sehr bewegende, aber auch urkomische Situationen aus ihrem Leben und dem ihrer Teilnehmer beschreibt. Mit ihrem spirituellen Bewusstsein beleuchtet sie diese Erlebnisse so herrlich erdverbunden und m\u00f6chte damit ihren Lesern den liebevollen Impuls geben, den tieferen Sinn in allem zu erkennen.<br \/>\nDurch ihre erfrischende und humorvolle Art des Schreibens ist sie inzwischen in ganz Europa sehr bekannt. Ihr erstes Buch \u201e&#8230; nicht heulen, Husky!\u201c wurde verfilmt.<br \/>\nLiebe ist die gr\u00f6\u00dfte Kraft im Universum, und Gila van Deldens Leben sowie ihre B\u00fccher sind ein Beweis daf\u00fcr, dass alle Situationen durch die Liebe und die richtigen Lebensformeln zu meistern sind. Dieses zauberhafte Buch ist eine spannende, humorvolle, aber auch tiefgr\u00fcndig spirituelle Reise in das innere Selbst und macht deutlich, dass jeder Mensch sein Leben nach den geistigen Gesetzen selbst mitgestalten kann.<\/p>\n<p><strong>Hardcover: ISBN 978-3-0005704-1-4<\/strong><\/p>\n<p><strong>E-BOOK:\u00a0 \u00a0 \u00a0ISBN\u00a0978-3-9822751-6-1\u00a0 \u00a0 \u00a0\u00a0Format epub<\/strong><\/p>\n<p><a href=\"http:\/\/www.gilavandelden.de\/buchshop\/wp-content\/uploads\/2017\/10\/Leseprobe9-SCHOEPFUNG.pdf\">Leseprobe<\/a><\/p>\n<div id=\"video01\"><div class=\"embed-container\" style=\"\"><iframe src=\"https:\/\/www.youtube-nocookie.com\/embed\/jTJVgjaGero?rel=0&amp;showinfo=0\" frameborder=\"0\" allowfullscreen><\/iframe><\/div><\/div>\n<div id=\"video01\"><div class=\"embed-container\" style=\"\"><iframe src=\"https:\/\/www.youtube-nocookie.com\/embed\/vTv9_7Vhaog?rel=0&amp;showinfo=0\" frameborder=\"0\" allowfullscreen><\/iframe><\/div><\/div>\n","protected":false},"excerpt":{"rendered":"<p>Ich bin ein Kind der Sch\u00f6pfung Mit diesem Buch trifft die Autorin wieder direkt in die Herzen ihrer Leser! \u201eGila van Deldens B\u00fccher machen s\u00fcchtig!\u201c Solche Worte h\u00f6rt die Autorin in ihrer langj\u00e4hrigen T\u00e4tigkeit als Seminarleiterin immer wieder \u2013 und nach ihren acht bereits ver\u00f6ffentlichten B\u00fcchern k\u00f6nnen sich die Leser jetzt wieder auf einen weiteren [&hellip;]<\/p>\n","protected":false},"featured_media":11024,"template":"","meta":[],"product_cat":[63,27],"product_tag":[],"_links":{"self":[{"href":"https:\/\/www.gilavandelden.de\/buchshop\/wp-json\/wp\/v2\/product\/11211"}],"collection":[{"href":"https:\/\/www.gilavandelden.de\/buchshop\/wp-json\/wp\/v2\/product"}],"about":[{"href":"https:\/\/www.gilavandelden.de\/buchshop\/wp-json\/wp\/v2\/types\/product"}],"wp:featuredmedia":[{"embeddable":true,"href":"https:\/\/www.gilavandelden.de\/buchshop\/wp-json\/wp\/v2\/media\/11024"}],"wp:attachment":[{"href":"https:\/\/www.gilavandelden.de\/buchshop\/wp-json\/wp\/v2\/media?parent=11211"}],"wp:term":[{"taxonomy":"product_cat","embeddable":true,"href":"https:\/\/www.gilavandelden.de\/buchshop\/wp-json\/wp\/v2\/product_cat?post=11211"},{"taxonomy":"product_tag","embeddable":true,"href":"https:\/\/www.gilavandelden.de\/buchshop\/wp-json\/wp\/v2\/product_tag?post=11211"}],"curies":[{"name":"wp","href":"https:\/\/api.w.org\/{rel}","templated":true}]}}