{"id":11247,"date":"2017-10-31T10:51:19","date_gmt":"2017-10-31T09:51:19","guid":{"rendered":"http:\/\/www.gilavandelden.de\/buchshop\/?post_type=product&#038;p=11247"},"modified":"2023-05-02T16:03:03","modified_gmt":"2023-05-02T14:03:03","slug":"engelkarten-frage-deine-engel","status":"publish","type":"product","link":"https:\/\/www.gilavandelden.de\/buchshop\/produkt\/engelkarten-frage-deine-engel\/","title":{"rendered":"Engelkarten: Frage deine Engel! (Gila van Delden)  10 cm x 6,7 cm"},"content":{"rendered":"<h5 style=\"text-align: left;\"><strong>ENGEL-ENTSCHEIDUNGSKARTEN<\/strong><\/h5>\n<hr \/>\n<h6><\/h6>\n<h6 style=\"text-align: left;\"><strong>Auch wenn du deine Engel nicht siehst \u2013 sie sind da!<\/strong><br \/>\n<strong>Und immer, wenn du sie brauchst, sp\u00fcrst du sie ganz besonders.<\/strong><\/h6>\n<h6><\/h6>\n<h6 style=\"text-align: left;\"><strong>Du bist dir nicht sicher? Du hast eine Frage? Du suchst eine L\u00f6sung?<br \/>\nSp\u00fcre in dich hinein, werde still, und bitte deine Engel um innere F\u00fchrung.<\/strong><\/h6>\n<h6><\/h6>\n<h6 style=\"text-align: left;\"><strong>Gleiches zieht Gleiches an.<\/strong><\/h6>\n<h6><\/h6>\n<h6 style=\"text-align: left;\"><strong>Diese 52 Engelkarten haben eine sehr hohe Schwingung und helfen dir bei deinen Entscheidungen.<\/strong><br \/>\n<strong>Du wirst \u00fcberrascht sein, wie sehr dich die Antworten deiner Engel inspirieren.<\/strong><\/h6>\n<h6><\/h6>\n<h6 style=\"text-align: left;\"><strong>ISBN 978-3-98019066-0-8<\/strong><br \/>\n<strong>15,90 \u20ac<\/strong><\/h6>\n<p>.<\/p>\n","protected":false},"excerpt":{"rendered":"<p>ENGEL-ENTSCHEIDUNGSKARTEN Auch wenn du deine Engel nicht siehst \u2013 sie sind da! Und immer, wenn du sie brauchst, sp\u00fcrst du sie ganz besonders. Du bist dir nicht sicher? Du hast eine Frage? Du suchst eine L\u00f6sung? Sp\u00fcre in dich hinein, werde still, und bitte deine Engel um innere F\u00fchrung. Gleiches zieht Gleiches an. Diese 52 [&hellip;]<\/p>\n","protected":false},"featured_media":11257,"template":"","meta":[],"product_cat":[63,25],"product_tag":[],"_links":{"self":[{"href":"https:\/\/www.gilavandelden.de\/buchshop\/wp-json\/wp\/v2\/product\/11247"}],"collection":[{"href":"https:\/\/www.gilavandelden.de\/buchshop\/wp-json\/wp\/v2\/product"}],"about":[{"href":"https:\/\/www.gilavandelden.de\/buchshop\/wp-json\/wp\/v2\/types\/product"}],"wp:featuredmedia":[{"embeddable":true,"href":"https:\/\/www.gilavandelden.de\/buchshop\/wp-json\/wp\/v2\/media\/11257"}],"wp:attachment":[{"href":"https:\/\/www.gilavandelden.de\/buchshop\/wp-json\/wp\/v2\/media?parent=11247"}],"wp:term":[{"taxonomy":"product_cat","embeddable":true,"href":"https:\/\/www.gilavandelden.de\/buchshop\/wp-json\/wp\/v2\/product_cat?post=11247"},{"taxonomy":"product_tag","embeddable":true,"href":"https:\/\/www.gilavandelden.de\/buchshop\/wp-json\/wp\/v2\/product_tag?post=11247"}],"curies":[{"name":"wp","href":"https:\/\/api.w.org\/{rel}","templated":true}]}}