{"id":11285,"date":"2017-12-01T10:51:45","date_gmt":"2017-12-01T09:51:45","guid":{"rendered":"http:\/\/www.gilavandelden.de\/buchshop\/?post_type=product&#038;p=11285"},"modified":"2024-03-30T09:51:41","modified_gmt":"2024-03-30T08:51:41","slug":"11185","status":"publish","type":"product","link":"https:\/\/www.gilavandelden.de\/buchshop\/produkt\/11185\/","title":{"rendered":"HOLY SMOKES &#8211; Blue Line Lavendel-R\u00e4ucherst\u00e4bchen     (48 Stck.)"},"content":{"rendered":"<h5>HOLY SMOKES &#8211; Blue Line R\u00e4ucherst\u00e4bchen werden aus feinsten nat\u00fcrlichen Substanzen hergestellt.\u00a0Nach alten geheimen Rezepten werden in Indien Kr\u00e4uter, Bl\u00fcten, \u00d6le und Sandelholz gemischt und von Hand auf Bambusst\u00e4bchen gerollt.<\/h5>\n<p>HOLY SMOKES\u00a0Blue Line Lavendel-R\u00e4ucherst\u00e4bchen sind bekannt daf\u00fcr, dass sie eine angenehme Atmosph\u00e4re schaffen. Diese Lavendel-R\u00e4ucherst\u00e4bchen haben ein harmonisches, friedliches Aroma, das auch etwas nach Vanille duftet. Die Brenndauer pro St\u00e4bchen betr\u00e4gt ca. 30-40 Minuten.<\/p>\n<p>Entz\u00fcnde die Spitze eines HOLY SMOKES Duftst\u00e4bchens, f\u00e4chle dieses nach ein paar Sekunden aus,\u00a0 und stecke es in einen Halter. Diese Qualit\u00e4tsr\u00e4ucherst\u00e4bchen sind die reinste Freude! Du kannst sie auch als Lufterfrischer einsetzen,\u00a0w\u00e4hrend\u00a0 du meditierst oder einfach als Hilfe zur Entspannung.<\/p>\n<p>Inhalt: 50 g = 48 St\u00e4bchen<\/p>\n<p>ART-Nr.:\u00a0 HS-34-N &#8211; Preis nur 14,90 \u20ac<\/p>\n<p>&nbsp;<\/p>\n","protected":false},"excerpt":{"rendered":"<p>HOLY SMOKES &#8211; Blue Line R\u00e4ucherst\u00e4bchen werden aus feinsten nat\u00fcrlichen Substanzen hergestellt.\u00a0Nach alten geheimen Rezepten werden in Indien Kr\u00e4uter, Bl\u00fcten, \u00d6le und Sandelholz gemischt und von Hand auf Bambusst\u00e4bchen gerollt. HOLY SMOKES\u00a0Blue Line Lavendel-R\u00e4ucherst\u00e4bchen sind bekannt daf\u00fcr, dass sie eine angenehme Atmosph\u00e4re schaffen. Diese Lavendel-R\u00e4ucherst\u00e4bchen haben ein harmonisches, friedliches Aroma, das auch etwas nach Vanille [&hellip;]<\/p>\n","protected":false},"featured_media":11286,"template":"","meta":[],"product_cat":[63],"product_tag":[],"_links":{"self":[{"href":"https:\/\/www.gilavandelden.de\/buchshop\/wp-json\/wp\/v2\/product\/11285"}],"collection":[{"href":"https:\/\/www.gilavandelden.de\/buchshop\/wp-json\/wp\/v2\/product"}],"about":[{"href":"https:\/\/www.gilavandelden.de\/buchshop\/wp-json\/wp\/v2\/types\/product"}],"wp:featuredmedia":[{"embeddable":true,"href":"https:\/\/www.gilavandelden.de\/buchshop\/wp-json\/wp\/v2\/media\/11286"}],"wp:attachment":[{"href":"https:\/\/www.gilavandelden.de\/buchshop\/wp-json\/wp\/v2\/media?parent=11285"}],"wp:term":[{"taxonomy":"product_cat","embeddable":true,"href":"https:\/\/www.gilavandelden.de\/buchshop\/wp-json\/wp\/v2\/product_cat?post=11285"},{"taxonomy":"product_tag","embeddable":true,"href":"https:\/\/www.gilavandelden.de\/buchshop\/wp-json\/wp\/v2\/product_tag?post=11285"}],"curies":[{"name":"wp","href":"https:\/\/api.w.org\/{rel}","templated":true}]}}