{"id":11338,"date":"2018-01-17T10:04:10","date_gmt":"2018-01-17T09:04:10","guid":{"rendered":"http:\/\/www.gilavandelden.de\/buchshop\/?post_type=product&#038;p=11338"},"modified":"2026-02-26T14:02:08","modified_gmt":"2026-02-26T13:02:08","slug":"traumhafte-yoga-musik-von-thomas-rettenmaier","status":"publish","type":"product","link":"https:\/\/www.gilavandelden.de\/buchshop\/produkt\/traumhafte-yoga-musik-von-thomas-rettenmaier\/","title":{"rendered":"Traumhafte Yoga Musik von Thomas Rettenmaier"},"content":{"rendered":"<h4><strong>Eine einzigartige und traumhafte Komposition entspannender Yoga-Musik.<\/strong><\/h4>\n<p><strong>Die Kompositionen auf dieser CD sind wieder sehr angenehm und ruhig gehalten und damit ideal f\u00fcr Ihr t\u00e4gliches Yoga-Training gehalten.\u00a0Die sanfte sph\u00e4rische Entspannungsmusik kann ideal in Yoga-\u00dcbungen mit eingebaut werden und jede Ihrer Bewegungen begleiten. Diese Yoga-Musik ist auch sehr gut f\u00fcr Entspannungs- oder Meditationssitzungen geeignet.<\/strong><\/p>\n<p><strong>Diese Musik ist Gema-frei und darf daher auch in \u00f6ffentlichen Bereichen abgespielt werden.<\/strong><\/p>\n<p><strong>Titel 1: 31:38 min<\/strong><br \/>\n<strong> Titel 2: 31:56 min<\/strong><br \/>\n<strong> Gesamtl\u00e4nge: 63:36 min<\/strong><\/p>\n","protected":false},"excerpt":{"rendered":"<p>Eine einzigartige und traumhafte Komposition entspannender Yoga-Musik. Die Kompositionen auf dieser CD sind wieder sehr angenehm und ruhig gehalten und damit ideal f\u00fcr Ihr t\u00e4gliches Yoga-Training gehalten.\u00a0Die sanfte sph\u00e4rische Entspannungsmusik kann ideal in Yoga-\u00dcbungen mit eingebaut werden und jede Ihrer Bewegungen begleiten. Diese Yoga-Musik ist auch sehr gut f\u00fcr Entspannungs- oder Meditationssitzungen geeignet. Diese Musik [&hellip;]<\/p>\n","protected":false},"featured_media":11330,"template":"","meta":[],"product_cat":[63,53],"product_tag":[],"_links":{"self":[{"href":"https:\/\/www.gilavandelden.de\/buchshop\/wp-json\/wp\/v2\/product\/11338"}],"collection":[{"href":"https:\/\/www.gilavandelden.de\/buchshop\/wp-json\/wp\/v2\/product"}],"about":[{"href":"https:\/\/www.gilavandelden.de\/buchshop\/wp-json\/wp\/v2\/types\/product"}],"wp:featuredmedia":[{"embeddable":true,"href":"https:\/\/www.gilavandelden.de\/buchshop\/wp-json\/wp\/v2\/media\/11330"}],"wp:attachment":[{"href":"https:\/\/www.gilavandelden.de\/buchshop\/wp-json\/wp\/v2\/media?parent=11338"}],"wp:term":[{"taxonomy":"product_cat","embeddable":true,"href":"https:\/\/www.gilavandelden.de\/buchshop\/wp-json\/wp\/v2\/product_cat?post=11338"},{"taxonomy":"product_tag","embeddable":true,"href":"https:\/\/www.gilavandelden.de\/buchshop\/wp-json\/wp\/v2\/product_tag?post=11338"}],"curies":[{"name":"wp","href":"https:\/\/api.w.org\/{rel}","templated":true}]}}