{"id":11339,"date":"2018-01-17T10:08:31","date_gmt":"2018-01-17T09:08:31","guid":{"rendered":"http:\/\/www.gilavandelden.de\/buchshop\/?post_type=product&#038;p=11339"},"modified":"2023-03-02T14:38:49","modified_gmt":"2023-03-02T13:38:49","slug":"walk-between-worlds","status":"publish","type":"product","link":"https:\/\/www.gilavandelden.de\/buchshop\/produkt\/walk-between-worlds\/","title":{"rendered":"Walk Between Worlds von Golan\u00e1"},"content":{"rendered":"<h4><strong>Indianische Fl\u00f6ten-Musik von Golan\u00e1<\/strong><\/h4>\n<p>&nbsp;<\/p>\n<p><strong>Wundersch\u00f6n entspannende Fl\u00f6tenmusik zur Untermalung von Meditationen, aber auch hervorragend geeignet als beruhigende Hintergrundmusik. Sehr ruhig und getragen.<\/strong><\/p>\n<p>&nbsp;<\/p>\n<p><strong>Hier p\u00e4sentiert Golan\u00e1 mit &#8222;Walk Between Worlds&#8220; eine Mischung aus akustischer Instrumentalmusik mit Indianischen Fl\u00f6ten-Kl\u00e4ngen. <\/strong><\/p>\n<p>&nbsp;<\/p>\n<p><strong>Spieldauer: 54:26 min.<\/strong><\/p>\n","protected":false},"excerpt":{"rendered":"<p>Indianische Fl\u00f6ten-Musik von Golan\u00e1 &nbsp; Wundersch\u00f6n entspannende Fl\u00f6tenmusik zur Untermalung von Meditationen, aber auch hervorragend geeignet als beruhigende Hintergrundmusik. Sehr ruhig und getragen. &nbsp; Hier p\u00e4sentiert Golan\u00e1 mit &#8222;Walk Between Worlds&#8220; eine Mischung aus akustischer Instrumentalmusik mit Indianischen Fl\u00f6ten-Kl\u00e4ngen. &nbsp; Spieldauer: 54:26 min.<\/p>\n","protected":false},"featured_media":11336,"template":"","meta":[],"product_cat":[63,53],"product_tag":[],"_links":{"self":[{"href":"https:\/\/www.gilavandelden.de\/buchshop\/wp-json\/wp\/v2\/product\/11339"}],"collection":[{"href":"https:\/\/www.gilavandelden.de\/buchshop\/wp-json\/wp\/v2\/product"}],"about":[{"href":"https:\/\/www.gilavandelden.de\/buchshop\/wp-json\/wp\/v2\/types\/product"}],"wp:featuredmedia":[{"embeddable":true,"href":"https:\/\/www.gilavandelden.de\/buchshop\/wp-json\/wp\/v2\/media\/11336"}],"wp:attachment":[{"href":"https:\/\/www.gilavandelden.de\/buchshop\/wp-json\/wp\/v2\/media?parent=11339"}],"wp:term":[{"taxonomy":"product_cat","embeddable":true,"href":"https:\/\/www.gilavandelden.de\/buchshop\/wp-json\/wp\/v2\/product_cat?post=11339"},{"taxonomy":"product_tag","embeddable":true,"href":"https:\/\/www.gilavandelden.de\/buchshop\/wp-json\/wp\/v2\/product_tag?post=11339"}],"curies":[{"name":"wp","href":"https:\/\/api.w.org\/{rel}","templated":true}]}}