{"id":11651,"date":"2019-08-05T18:24:37","date_gmt":"2019-08-05T16:24:37","guid":{"rendered":"http:\/\/www.gilavandelden.de\/buchshop\/?post_type=product&#038;p=11651"},"modified":"2023-07-03T18:09:04","modified_gmt":"2023-07-03T16:09:04","slug":"ich-bin-ein-kind-der-schoepfung-gila-van-delden-hoerbuch","status":"publish","type":"product","link":"https:\/\/www.gilavandelden.de\/buchshop\/produkt\/ich-bin-ein-kind-der-schoepfung-gila-van-delden-hoerbuch\/","title":{"rendered":"Ich bin ein Kind der Sch\u00f6pfung (Gila van Delden) &#8211; H\u00f6rbuch als CD oder MP3-Download"},"content":{"rendered":"<p style=\"text-align: center; text-decoration: underline;\">Dieses H\u00f6rbuch ist sowohl als MP3-Download (16,90 \u20ac) als CD (24,90 \u20ac) und\u00a0 nun auch als E-Book erh\u00e4ltlich.<\/p>\n<hr \/>\n<p>&nbsp;<\/p>\n<p style=\"text-align: center; margin-top: 12px;\"><strong>ALS H\u00d6RBUCH ODER MP3-DOWNLOAD<\/strong><\/p>\n<p style=\"text-align: center; margin-top: 12px;\"><strong>&#8222;Ich bin ein Kind der Sch\u00f6pfung &#8220;<br \/>\n<\/strong><strong>Mit diesem Buch trifft die Autorin wieder direkt in die Herzen ihrer Leser!<\/strong><\/p>\n<p style=\"text-align: center; margin-top: 12px;\"><strong>\u201eGila van Deldens B\u00fccher machen s\u00fcchtig!\u201c<\/strong><\/p>\n<p>Solche Worte h\u00f6rt die Autorin in ihrer langj\u00e4hrigen T\u00e4tigkeit als Seminarleiterin immer wieder \u2013 und nach ihren acht bereits ver\u00f6ffentlichten B\u00fcchern k\u00f6nnen sich die Leser jetzt wieder auf einen weiteren Lese- und H\u00f6rgenuss freuen!<br \/>\nInteressant ist, wie Gila van Delden sehr bewegende, aber auch urkomische Situationen aus ihrem Leben und dem ihrer Teilnehmer beschreibt. Mit ihrem spirituellen Bewusstsein beleuchtet sie diese Erlebnisse so herrlich erdverbunden und m\u00f6chte damit ihren Lesern den liebevollen Impuls geben, den tieferen Sinn in allem zu erkennen.<br \/>\nDurch ihre erfrischende und humorvolle Art des Schreibens ist sie inzwischen in ganz Europa sehr bekannt. Ihr erstes Buch \u201e&#8230; nicht heulen, Husky!\u201c wurde verfilmt.<br \/>\nLiebe ist die gr\u00f6\u00dfte Kraft im Universum, und Gila van Deldens Leben sowie ihre B\u00fccher sind ein Beweis daf\u00fcr, dass alle Situationen durch die Liebe und die richtigen Lebensformeln zu meistern sind. Dieses zauberhafte Buch ist eine spannende, humorvolle, aber auch tiefgr\u00fcndig spirituelle Reise in das innere Selbst und macht deutlich, dass jeder Mensch sein Leben nach den geistigen Gesetzen selbst mitgestalten kann.<\/p>\n<p><strong>Produkttyp:\u00a0 \u00a0 \u00a0H\u00f6rbuch MP3-Download &#8211; oder H\u00f6rbuch-CD &#8211; oder E-Book\u00a0<\/strong><\/p>\n<p><strong>Gelesen von:\u00a0\u00a0 Gila van Delden<\/strong><\/p>\n<p><strong>Verlag:\u00a0 \u00a0 \u00a0 \u00a0 \u00a0 \u00a0 \u00a0 \u00a0 Consensus-Verlag<\/strong><\/p>\n<p><strong>Erschienen:\u00a0 \u00a0 \u00a0 August 2019 \/ Januar 2021<\/strong><\/p>\n<p><strong>Sprache:\u00a0 \u00a0 \u00a0 \u00a0 \u00a0 \u00a0 \u00a0 Deutsch<\/strong><\/p>\n<p><strong>Spieldauer:\u00a0 \u00a0 \u00a0 \u00a0 9 Std \u2013 51 Min \/ 325 Seiten<\/strong><\/p>\n<p><strong>Format:\u00a0 \u00a0 \u00a0 \u00a0 \u00a0 \u00a0 \u00a0 \u00a0 MP3 \u2013 128 kbit\/s &#8211; oder CD<\/strong><\/p>\n<p><strong>Download:\u00a0 \u00a0 \u00a0 \u00a0 \u00a0570 MB<\/strong><\/p>\n<p><strong>H\u00f6rbuch:\u00a0 \u00a0 \u00a0 \u00a0 \u00a0 \u00a0 ISBN\u00a0978-39819066 -7-7<\/strong><\/p>\n<div id=\"video01\"><div class=\"embed-container\" style=\"\"><iframe src=\"https:\/\/www.youtube-nocookie.com\/embed\/jTJVgjaGero?rel=0&amp;showinfo=0\" frameborder=\"0\" allowfullscreen><\/iframe><\/div><\/div>\n<div id=\"video01\"><div class=\"embed-container\" style=\"\"><iframe src=\"https:\/\/www.youtube-nocookie.com\/embed\/vTv9_7Vhaog?rel=0&amp;showinfo=0\" frameborder=\"0\" allowfullscreen><\/iframe><\/div><\/div>\n<div id=\"video01\"><div class=\"embed-container\" style=\"\"><iframe src=\"https:\/\/www.youtube-nocookie.com\/embed\/zoQy9rZehAM?rel=0&amp;showinfo=0\" frameborder=\"0\" allowfullscreen><\/iframe><\/div><\/div>\n<div id=\"video01\"><div class=\"embed-container\" style=\"\"><iframe src=\"https:\/\/www.youtube-nocookie.com\/embed\/ta6CX0U0Awc?rel=0&amp;showinfo=0\" frameborder=\"0\" allowfullscreen><\/iframe><\/div><\/div>\n","protected":false},"excerpt":{"rendered":"<p>Dieses H\u00f6rbuch ist sowohl als MP3-Download (16,90 \u20ac) als CD (24,90 \u20ac) und\u00a0 nun auch als E-Book erh\u00e4ltlich. &nbsp; ALS H\u00d6RBUCH ODER MP3-DOWNLOAD &#8222;Ich bin ein Kind der Sch\u00f6pfung &#8220; Mit diesem Buch trifft die Autorin wieder direkt in die Herzen ihrer Leser! \u201eGila van Deldens B\u00fccher machen s\u00fcchtig!\u201c Solche Worte h\u00f6rt die Autorin in [&hellip;]<\/p>\n","protected":false},"featured_media":11699,"template":"","meta":[],"product_cat":[63,65],"product_tag":[],"_links":{"self":[{"href":"https:\/\/www.gilavandelden.de\/buchshop\/wp-json\/wp\/v2\/product\/11651"}],"collection":[{"href":"https:\/\/www.gilavandelden.de\/buchshop\/wp-json\/wp\/v2\/product"}],"about":[{"href":"https:\/\/www.gilavandelden.de\/buchshop\/wp-json\/wp\/v2\/types\/product"}],"wp:featuredmedia":[{"embeddable":true,"href":"https:\/\/www.gilavandelden.de\/buchshop\/wp-json\/wp\/v2\/media\/11699"}],"wp:attachment":[{"href":"https:\/\/www.gilavandelden.de\/buchshop\/wp-json\/wp\/v2\/media?parent=11651"}],"wp:term":[{"taxonomy":"product_cat","embeddable":true,"href":"https:\/\/www.gilavandelden.de\/buchshop\/wp-json\/wp\/v2\/product_cat?post=11651"},{"taxonomy":"product_tag","embeddable":true,"href":"https:\/\/www.gilavandelden.de\/buchshop\/wp-json\/wp\/v2\/product_tag?post=11651"}],"curies":[{"name":"wp","href":"https:\/\/api.w.org\/{rel}","templated":true}]}}